{"id":42,"date":"2021-11-12T21:42:58","date_gmt":"2021-11-12T21:42:58","guid":{"rendered":"http:\/\/arka.pastovu.vdu.lt\/?page_id=42"},"modified":"2022-07-04T19:41:08","modified_gmt":"2022-07-04T19:41:08","slug":"publikacijos","status":"publish","type":"page","link":"https:\/\/arka.pastovu.vdu.lt\/en\/publikacijos\/","title":{"rendered":"Publications"},"content":{"rendered":"\n<p>Kovalevskait\u0117 J., Rimkut\u0117 E., Vai\u010denonien\u0117 J. 2022: <a rel=\"noreferrer noopener\" href=\"https:\/\/pasauliolietuvis.lt\/daugeja-lietuviu-kalbos-pastoviesiems-zodziu-junginiams-skirtu-istekliu\/\" target=\"_blank\">Daug\u0117ja lietuvi\u0173 kalbos pastoviesiems \u017eod\u017ei\u0173 junginiams skirt\u0173 i\u0161tekli\u0173<\/a> (New Resources of Lithuanian Multi-Word Expressions).<em>\u00a0Pasaulio lietuvis<\/em>.<\/p>\n\n\n\n<p>Kovalevskait\u0117 J., Rimkut\u0117 E., Vai\u010denonien\u0117 J. 2021:&nbsp;<a rel=\"noreferrer noopener\" href=\"http:\/\/journals.lki.lt\/bendrinekalba\/article\/view\/2120\/2235\" target=\"_blank\">Arbitrali\u0173j\u0173 lietuvi\u0173 kalbos kolokacij\u0173 nustatymas<\/a>&nbsp;(Identification of Lithuanian Arbitrary Collocations).&nbsp;<em>Bendrin\u0117 kalba<\/em>&nbsp;94, 1\u201337.&nbsp;<a rel=\"noreferrer noopener\" href=\"http:\/\/doi.org\/10.35321\/bkalba.2021.94.06\" target=\"_blank\">doi.org\/10.35321\/bkalba.2021.94.06<\/a>.<\/p>\n\n\n\n<p>Kovalevskait\u0117 J., Rimkut\u0117 E., Vai\u010denonien\u0117 J. 2021: <a href=\"https:\/\/kalbos.ktu.lt\/index.php\/KStud\/article\/view\/29193\" target=\"_blank\" rel=\"noreferrer noopener\">Automatizuotas arbitrali\u0173j\u0173 kolokacij\u0173 atpa\u017einimas: b\u016bdvard\u017ei\u0173 ir daiktavard\u017ei\u0173 kolokacijos<\/a> (Automatic Recognition of Arbitrary Adjective-Noun Collocations).&nbsp;<em>Studies about Languages<\/em>&nbsp;\/<em>Kalb\u0173 studijos<\/em>&nbsp;39, 71\u201384.<\/p>\n\n\n\n<p>Vai\u010denonien\u0117 J., Kovalevskait\u0117 J., Rimkut\u0117 E. 2021: Kolokacij\u0173 vertimas: \u017evilgsnis \u012f vert\u0117j\u0173 virtuv\u0119 (Translation of Collocations from the Translator\u2019s Point).&nbsp;<em>Gimtoji kalba&nbsp;<\/em>2, 3\u201314.<\/p>\n","protected":false},"excerpt":{"rendered":"<p>Kovalevskait\u0117 J., Rimkut\u0117 E., Vai\u010denonien\u0117 J. 2022: Daug\u0117ja lietuvi\u0173 kalbos pastoviesiems \u017eod\u017ei\u0173 junginiams skirt\u0173 i\u0161tekli\u0173 (New Resources of Lithuanian Multi-Word Expressions).\u00a0Pasaulio lietuvis. Kovalevskait\u0117 J., Rimkut\u0117 E., Vai\u010denonien\u0117 J. 2021:&nbsp;Arbitrali\u0173j\u0173 lietuvi\u0173 kalbos kolokacij\u0173 nustatymas&nbsp;(Identification of Lithuanian Arbitrary Collocations).&nbsp;Bendrin\u0117 kalba&nbsp;94, 1\u201337.&nbsp;doi.org\/10.35321\/bkalba.2021.94.06. Kovalevskait\u0117 J., Rimkut\u0117 E., Vai\u010denonien\u0117 J. 2021: Automatizuotas arbitrali\u0173j\u0173 kolokacij\u0173 atpa\u017einimas: b\u016bdvard\u017ei\u0173 ir daiktavard\u017ei\u0173 kolokacijos (Automatic&hellip;<\/p>\n","protected":false},"author":1,"featured_media":0,"parent":0,"menu_order":0,"comment_status":"closed","ping_status":"closed","template":"","meta":{"footnotes":""},"class_list":["post-42","page","type-page","status-publish","hentry"],"translation":{"provider":"WPGlobus","version":"2.8.8","language":"en","enabled_languages":["lt","en"],"languages":{"lt":{"title":true,"content":true,"excerpt":false},"en":{"title":true,"content":true,"excerpt":false}}},"_links":{"self":[{"href":"https:\/\/arka.pastovu.vdu.lt\/en\/wp-json\/wp\/v2\/pages\/42","targetHints":{"allow":["GET"]}}],"collection":[{"href":"https:\/\/arka.pastovu.vdu.lt\/en\/wp-json\/wp\/v2\/pages"}],"about":[{"href":"https:\/\/arka.pastovu.vdu.lt\/en\/wp-json\/wp\/v2\/types\/page"}],"author":[{"embeddable":true,"href":"https:\/\/arka.pastovu.vdu.lt\/en\/wp-json\/wp\/v2\/users\/1"}],"replies":[{"embeddable":true,"href":"https:\/\/arka.pastovu.vdu.lt\/en\/wp-json\/wp\/v2\/comments?post=42"}],"version-history":[{"count":15,"href":"https:\/\/arka.pastovu.vdu.lt\/en\/wp-json\/wp\/v2\/pages\/42\/revisions"}],"predecessor-version":[{"id":118,"href":"https:\/\/arka.pastovu.vdu.lt\/en\/wp-json\/wp\/v2\/pages\/42\/revisions\/118"}],"wp:attachment":[{"href":"https:\/\/arka.pastovu.vdu.lt\/en\/wp-json\/wp\/v2\/media?parent=42"}],"curies":[{"name":"wp","href":"https:\/\/api.w.org\/{rel}","templated":true}]}}