{"id":36,"date":"2021-11-12T21:40:02","date_gmt":"2021-11-12T21:40:02","guid":{"rendered":"http:\/\/arka.pastovu.vdu.lt\/?page_id=36"},"modified":"2022-08-07T19:39:27","modified_gmt":"2022-08-07T19:39:27","slug":"pranesimai","status":"publish","type":"page","link":"https:\/\/arka.pastovu.vdu.lt\/en\/pranesimai\/","title":{"rendered":"Presentations"},"content":{"rendered":"\n<p>Rimkut\u0117 E., Kovalevskait\u0117 J. 2022: <a href=\"http:\/\/clarin-lt.lt\/wp-content\/uploads\/2022\/03\/VDU-E_Rimkute.pdf\" target=\"_blank\" rel=\"noreferrer noopener\">Lietuvi\u0173 kalbos arbitraliosios kolokacijos ir joms skirti i\u0161tekliai<\/a>.\u00a0<em>CLARIN-LT: naujausi skaitmeniniai i\u0161tekliai ir tyrimai<\/em>. 2022 March 18.<\/p>\n\n\n\n<p>Vai\u010denonien\u0117 J., Kovalevskait\u0117 J., Rimkut\u0117 E.\u00a02021: The English-to-Lithuanian MUST Sub-Corpus: Compilation and Applications.\u00a0<em>Multilingual Student Translation MUST Workshop<\/em>. 2021, November 18.<\/p>\n\n\n\n<p>Rimkut\u0117 E., Boizou L., Bumbulien\u0117 I., Kovalevskait\u0117 J., Vai\u010denonien\u0117 J. 2021: <a rel=\"noreferrer noopener\" href=\"https:\/\/www.clarin.eu\/sites\/default\/files\/CLARIN2021_Bazaar_DataCur_Vaicenoniene_et_al.pdf\" data-type=\"URL\" data-id=\"https:\/\/www.clarin.eu\/sites\/default\/files\/CLARIN2021_Bazaar_DataCur_Vaicenoniene_et_al.pdf\" target=\"_blank\">Lithuanian Arbitrary Collocations: Recognition Criteria and Methods<\/a>. CLARIN Annual Conference 2021. 2021, September 27\u201329.<\/p>\n\n\n\n<p>Rimkut\u0117 E., Kovalevskait\u0117 J., Vai\u010denonien\u0117 J. 2021:<strong>&nbsp;<\/strong><a rel=\"noreferrer noopener\" href=\"https:\/\/www.loom.com\/share\/10f59b8eb265468cb0e388226521aeda\" target=\"_blank\">Towards the Development of Arbitrary Collocation Recognition Criteria<\/a>.&nbsp;<em>Metaphor and Space<\/em>. VU, Vilnius, June 23\u201326.<\/p>\n\n\n\n<p>Rimkut\u0117 E., Kovalevskait\u0117 J., Vai\u010denonien\u0117 J. 2021:<strong>&nbsp;<\/strong><a rel=\"noreferrer noopener\" href=\"https:\/\/padlet.com\/smposters\/bd9lm8ume9wnf600\" target=\"_blank\">Lietuvi\u0173 kalbos arbitraliosios kolokacijos ir j\u0173 atpa\u017einimas<\/a>.&nbsp;<em>Sustainable multilinguilism conference<\/em>. VDU, Kaunas, 2021 June 4\u20135.<\/p>\n\n\n\n<p>Rimkut\u0117 E., Boizou L., Bumbulien\u0117 I., Kovalevskait\u0117 J., Vai\u010denonien\u0117 J. 2020:&nbsp;<a rel=\"noreferrer noopener\" href=\"https:\/\/www.clarin.eu\/content\/clarin-bazaar-2020\" target=\"_blank\">Arbitrary Collocations of Lithuanian: Identification, Description and Usage (ARKA)<\/a>. <em>CLARIN Annual Conference 2020.<\/em>&nbsp;2020, October 5-7.<\/p>\n","protected":false},"excerpt":{"rendered":"<p>Rimkut\u0117 E., Kovalevskait\u0117 J. 2022: Lietuvi\u0173 kalbos arbitraliosios kolokacijos ir joms skirti i\u0161tekliai.\u00a0CLARIN-LT: naujausi skaitmeniniai i\u0161tekliai ir tyrimai. 2022 March 18. Vai\u010denonien\u0117 J., Kovalevskait\u0117 J., Rimkut\u0117 E.\u00a02021: The English-to-Lithuanian MUST Sub-Corpus: Compilation and Applications.\u00a0Multilingual Student Translation MUST Workshop. 2021, November 18. Rimkut\u0117 E., Boizou L., Bumbulien\u0117 I., Kovalevskait\u0117 J., Vai\u010denonien\u0117 J. 2021: Lithuanian Arbitrary Collocations:&hellip;<\/p>\n","protected":false},"author":1,"featured_media":0,"parent":0,"menu_order":0,"comment_status":"closed","ping_status":"closed","template":"","meta":{"footnotes":""},"class_list":["post-36","page","type-page","status-publish","hentry"],"translation":{"provider":"WPGlobus","version":"2.8.8","language":"en","enabled_languages":["lt","en"],"languages":{"lt":{"title":true,"content":true,"excerpt":false},"en":{"title":true,"content":true,"excerpt":false}}},"_links":{"self":[{"href":"https:\/\/arka.pastovu.vdu.lt\/en\/wp-json\/wp\/v2\/pages\/36","targetHints":{"allow":["GET"]}}],"collection":[{"href":"https:\/\/arka.pastovu.vdu.lt\/en\/wp-json\/wp\/v2\/pages"}],"about":[{"href":"https:\/\/arka.pastovu.vdu.lt\/en\/wp-json\/wp\/v2\/types\/page"}],"author":[{"embeddable":true,"href":"https:\/\/arka.pastovu.vdu.lt\/en\/wp-json\/wp\/v2\/users\/1"}],"replies":[{"embeddable":true,"href":"https:\/\/arka.pastovu.vdu.lt\/en\/wp-json\/wp\/v2\/comments?post=36"}],"version-history":[{"count":8,"href":"https:\/\/arka.pastovu.vdu.lt\/en\/wp-json\/wp\/v2\/pages\/36\/revisions"}],"predecessor-version":[{"id":125,"href":"https:\/\/arka.pastovu.vdu.lt\/en\/wp-json\/wp\/v2\/pages\/36\/revisions\/125"}],"wp:attachment":[{"href":"https:\/\/arka.pastovu.vdu.lt\/en\/wp-json\/wp\/v2\/media?parent=36"}],"curies":[{"name":"wp","href":"https:\/\/api.w.org\/{rel}","templated":true}]}}